{"id":235,"date":"2024-07-25T22:08:49","date_gmt":"2024-07-25T22:08:49","guid":{"rendered":"https:\/\/sites.generatepress.com\/harmony\/?page_id=235"},"modified":"2026-04-10T18:04:09","modified_gmt":"2026-04-11T01:04:09","slug":"consultation","status":"publish","type":"page","link":"https:\/\/aurorelacascoaching.com\/en\/consultation\/","title":{"rendered":"Book an appointment"},"content":{"rendered":"<div class=\"gbp-section gb-element-74f55e61\">\n<div class=\"gb-element-d64716df\">\n<div class=\"gb-element-9986df7a\">\n<h1 class=\"gb-text gbp-section__headline gb-text-e22d66ac\">Ready to create a new chapter with confidence?<\/h1>\n\n\n\n<div class=\"gb-text gbp-section__text gb-text-908f9a7c\">Book your free 30-minute discovery call and take the first step toward a more peaceful transition.<\/div>\n<\/div>\n<\/div>\n\n\n\n<div class=\"hero-image-fit gb-element-19696182\">\n<img loading=\"lazy\" decoding=\"async\" width=\"1440\" height=\"1920\" class=\"gb-media-d90e43e6\" src=\"https:\/\/aurorelacascoaching.com\/wp-content\/uploads\/2025\/07\/aurore-lacas-arbre-1440x1920-1.jpg\" title=\"aurore-lacas-arbre-1440x1920\" alt=\"Aurore Lacas standing in front of a tree in the forest\" srcset=\"https:\/\/aurorelacascoaching.com\/wp-content\/uploads\/2025\/07\/aurore-lacas-arbre-1440x1920-1.jpg 1440w, https:\/\/aurorelacascoaching.com\/wp-content\/uploads\/2025\/07\/aurore-lacas-arbre-1440x1920-1-225x300.jpg 225w, https:\/\/aurorelacascoaching.com\/wp-content\/uploads\/2025\/07\/aurore-lacas-arbre-1440x1920-1-768x1024.jpg 768w, https:\/\/aurorelacascoaching.com\/wp-content\/uploads\/2025\/07\/aurore-lacas-arbre-1440x1920-1-1152x1536.jpg 1152w\" sizes=\"auto, (max-width: 1440px) 100vw, 1440px\" \/>\n<\/div>\n<\/div>\n\n\n\n<div class=\"gbp-section gb-element-57c53f26\">\n<span class=\"gb-shape gb-shape-400c3219 gb-shape--divider\"><svg preserveaspectratio=\"none\" viewbox=\"0 0 1200 194.3\" xmlns=\"http:\/\/www.w3.org\/2000\/svg\"><path d=\"M1200 133.3l-50 8.9c-50 8.6-150 26.9-250 31.1-100 4.2-200-4.2-300-26.7S400 89.2 300 62.2C200 35.8 100 17.5 50 8.9L0 0v194.3h1200v-61z\"><\/path><\/svg><\/span>\n\n\n\n<div class=\"gbp-section__inner gb-element-1149189a\">\n<div class=\"gb-element-c99535eb\">\n<h2 class=\"gb-text gbp-section__headline\">Your Free Discovery Call<\/h2>\n\n\n\n<div class=\"gb-text gbp-section__text gb-text-bb04ca8d\">This call will allow you to present your situation and check if my approach is a good fit for you. Entirely free and without obligation.<\/div>\n\n\n\n<div class=\"gb-element-074f7b20\">\n<script id=\"setmore_script\" type=\"text\/javascript\" src=\"https:\/\/assets.setmore.com\/integration\/static\/setmoreIframeLive.js\"><\/script><a style=\"float: none; text-decoration: none;\" class=\"gb-text gbp-button--primary\" id=\"Setmore_button_iframe\" href=\"https:\/\/aurorelacascoaching.setmore.com\" rel=\"nofollow noopener\" target=\"_blank\">Book a Free Session<\/a>\n<\/div>\n\n\n\n<h2 class=\"gb-text gbp-section__headline\">Get in Touch<\/h2>\n\n\n\n<p class=\"gb-text gbp-section__text gb-text-3df4a64a\">Not ready yet? Contact me with any questions.<\/p>\n\n\n\n<div class=\"gb-element-d3539a42\">\n<a class=\"gb-text gbp-button--tertiary gb-text-e476333d\" href=\"https:\/\/aurorelacascoaching.com\/en\/contact\/\">Contact Me<\/a>\n<\/div>\n<\/div>\n<\/div>\n<\/div>","protected":false},"excerpt":{"rendered":"<p>Pr\u00eat\u00b7e \u00e0 cr\u00e9er un nouveau chapitre avec confiance&nbsp;? R\u00e9servez votre appel d\u00e9couverte gratuit de 30 minutes et faites le premier pas vers une transition plus sereine. Votre appel d\u00e9couverte gratuit Cet appel vous permettra de me pr\u00e9senter votre situation et de v\u00e9rifier si mon approche vous correspond. Enti\u00e8rement gratuit et sans engagement. S\u00c9ANCE GRATUITE Contactez-moi &#8230; <a title=\"Book an appointment\" class=\"read-more\" href=\"https:\/\/aurorelacascoaching.com\/en\/consultation\/\" aria-label=\"Read more about Making an appointment\">Read more<\/a><\/p>","protected":false},"author":2,"featured_media":0,"parent":0,"menu_order":0,"comment_status":"closed","ping_status":"closed","template":"","meta":{"_acf_changed":false,"footnotes":""},"class_list":["post-235","page","type-page","status-publish"],"acf":[],"_links":{"self":[{"href":"https:\/\/aurorelacascoaching.com\/en\/wp-json\/wp\/v2\/pages\/235","targetHints":{"allow":["GET"]}}],"collection":[{"href":"https:\/\/aurorelacascoaching.com\/en\/wp-json\/wp\/v2\/pages"}],"about":[{"href":"https:\/\/aurorelacascoaching.com\/en\/wp-json\/wp\/v2\/types\/page"}],"author":[{"embeddable":true,"href":"https:\/\/aurorelacascoaching.com\/en\/wp-json\/wp\/v2\/users\/2"}],"replies":[{"embeddable":true,"href":"https:\/\/aurorelacascoaching.com\/en\/wp-json\/wp\/v2\/comments?post=235"}],"version-history":[{"count":3,"href":"https:\/\/aurorelacascoaching.com\/en\/wp-json\/wp\/v2\/pages\/235\/revisions"}],"predecessor-version":[{"id":1960,"href":"https:\/\/aurorelacascoaching.com\/en\/wp-json\/wp\/v2\/pages\/235\/revisions\/1960"}],"wp:attachment":[{"href":"https:\/\/aurorelacascoaching.com\/en\/wp-json\/wp\/v2\/media?parent=235"}],"curies":[{"name":"wp","href":"https:\/\/api.w.org\/{rel}","templated":true}]}}